{"id":278,"date":"2021-07-22T15:12:50","date_gmt":"2021-07-22T15:12:50","guid":{"rendered":"https:\/\/www.ecwid.com\/partners\/?page_id=278"},"modified":"2021-07-22T15:12:51","modified_gmt":"2021-07-22T15:12:51","slug":"white-label_it","status":"publish","type":"page","link":"https:\/\/www.ecwid.com\/partners\/it\/white-label","title":{"rendered":"White Label_IT"},"content":{"rendered":" <section class=\"calypso-block  text-white calypso-background--dark-blue\">  <div class=\"container\">   <div class=\"row calypso-promo\">    <div class=\"col-12 col-md-10 offset-md-1 col-lg-10 offset-lg-1 offset-xl-0 col-xl-5 calypso-promo__first align-center text-left\">         <h1>Soluzioni <nobr>e-commerce<\/nobr> white label<\/h1>        <div class=\"text-block\"><p>Tutto quello che devi sapere sulle soluzioni white label e&nbsp;sui loro vantaggi per il&nbsp;tuo business<\/p> <div class=\"btn-block\"><a href=\"#become-a-partner\" id=\"become-a-partner-button\" class=\"btn btn--black btn--square btn--large btn--no-animate\">Diventa un&nbsp;partner<\/a><\/div> <\/div>            <\/div>    <div class=\"col-12 col-md-10 offset-md-1 col-xl-7 offset-xl-0 calypso-promo__second text-center\">          <img class=\"calypso-promo__image calypso-promo__image-mobile-w100\" src=\"https:\/\/don16obqbay2c.cloudfront.net\/wp-content\/uploads\/sites\/3\/2020\/12\/jumpstart-desktop-1574164156-1609055548.png\" alt=\"jumpstart-desktop-1574164156-1609055548\"\/>        <\/div>   <\/div>  <\/div> <\/section>  <section class=\"calypso-block \">  <div class=\"container\">   <div class=\"row row--large\">  <div class=\"col-12 col-md-10 offset-md-1 col-lg-10 offset-lg-1 col-xl-8 offset-xl-2 align-center text-center\"><h2>Cos'\u00e8 una soluzione di&nbsp;<nobr>e-commerce<\/nobr> white label e&nbsp;a&nbsp;cosa serve?<\/h2><\/div> <\/div>   <div class=\"row row--large\">  <div class=\"col-12 col-md-10 offset-md-1 col-lg-10 offset-lg-1 col-xl-8 offset-xl-2\"><div class=\"text-block\"><p>Oggi \u00e8&nbsp;possibile ordinare online prodotti e&nbsp;servizi di&nbsp;ogni genere. L'esigenza di&nbsp;disporre di&nbsp;negozi online \u00e8&nbsp;sempre pi\u00f9 sentita anche dalle piccole aziende e&nbsp;le&nbsp;societ\u00e0 specializzate nei servizi online devono essere in&nbsp;grado di&nbsp;fornire soluzioni che soddisfano questa necessit\u00e0.<\/p> <p>Ci&nbsp;sono vari strumenti per la&nbsp;realizzazione di&nbsp;negozi online che puoi offrire ai&nbsp;tuoi clienti. Ma&nbsp;la&nbsp;possibilit\u00e0 di&nbsp;fornire soluzioni completamente fruibili con il&nbsp;tuo marchio non sarebbe l'opzione ideale?<\/p> <p>Lo&nbsp;sviluppo e&nbsp;la&nbsp;gestione di&nbsp;una piattaforma <nobr>e-commerce<\/nobr> completa di&nbsp;tutte le&nbsp;funzionalit\u00e0 \u00e8&nbsp;un'attivit\u00e0 complessa in&nbsp;termini di&nbsp;tempo e&nbsp;investimenti richiesti. Ma, grazie al&nbsp;programma di&nbsp;partnership white label offerto da&nbsp;Ecwid, sarai in&nbsp;grado di&nbsp;offrire ai&nbsp;tuoi clienti tutti i&nbsp;vantaggi di&nbsp;una soluzione completa, senza doverti preoccupare degli oneri di&nbsp;manutenzione.<\/p> <p>Diventando un&nbsp;partner <nobr>white-label,<\/nobr> potrai acquistare tutti i&nbsp;piani Ecwid a&nbsp;prezzi scontati, con la&nbsp;possibilit\u00e0 di&nbsp;riutilizzarli con il&nbsp;tuo marchio nell'ambito della soluzione offerta con la&nbsp;tua piattaforma e&nbsp;potrai rivenderli ai&nbsp;tuoi clienti al&nbsp;prezzo da&nbsp;te&nbsp;fissato.<\/p><\/div><\/div> <\/div>  <\/div> <\/section>  <section class=\"calypso-block  calypso-block--border-top\">  <div class=\"container\">   <div class=\"row\">  <div class=\"col-12 col-md-10 offset-md-1 col-lg-10 offset-lg-1 col-xl-8 offset-xl-2 align-center text-center\"><h2>Quali sono i&nbsp;vantaggi per la&nbsp;mia societ\u00e0 adottando soluzioni white label?<\/h2><div class=\"text-block\">Diventando rivenditore di&nbsp;siti <nobr>e-commerce<\/nobr> white label potrai usufruire di&nbsp;numerosi importanti vantaggi.<\/div><\/div> <\/div>   <div class=\"row\">    <div class=\"col-12 col-md-6\"><div class=\"calypso-feature \"><div class=\"calypso-feature__text\"><strong>\u00c8&nbsp;una soluzione semplice.<\/strong> Non devi conoscere dettagli tecnici per diventare un&nbsp;affermato fornitore di&nbsp;siti <nobr>e-commerce.<\/nobr> I&nbsp;negozi online saranno mantenuti, aggiornati e&nbsp;supportati da&nbsp;Ecwid e&nbsp;potrai concentrarti solo sulle attivit\u00e0 di&nbsp;vendita.<\/div><\/div><\/div><div class=\"col-12 col-md-6\"><div class=\"calypso-feature \"><div class=\"calypso-feature__text\"><strong>\u00c8 una soluzione economica.<\/strong> Con meno di&nbsp;300$ all'anno, potrai disporre di&nbsp;sistemi <nobr>e-commerce<\/nobr> completi con il&nbsp;tuo marchio, che comprendono strumenti per la&nbsp;gestione di&nbsp;negozi white label, aggiornamenti e&nbsp;manutenzione delle piattaforme e&nbsp;assistenza tecnica prioritaria.<\/div><\/div><\/div><div class=\"col-12 col-md-6\"><div class=\"calypso-feature \"><div class=\"calypso-feature__text\"><strong>\u00c8 una soluzione veloce.<\/strong> La&nbsp;configurazione dell'account dei partner non richiede pi\u00f9 di&nbsp;un&nbsp;giorno lavorativo. In&nbsp;questo modo, dopo aver aderito alla partnership, sarai subito pronto a&nbsp;vendere le&nbsp;tue soluzioni <nobr>e-commerce<\/nobr> white label. Il&nbsp;90% dei nostri partner \u00e8&nbsp;stato in&nbsp;grado di&nbsp;avviare il&nbsp;proprio servizio entro un&nbsp;mese dalla registrazione al&nbsp;programma di&nbsp;partership.<\/div><\/div><\/div><div class=\"col-12 col-md-6\"><div class=\"calypso-feature \"><div class=\"calypso-feature__text\"><strong>\u00c8 una soluzione redditizia.<\/strong> Non occorre impegnare tempo e&nbsp;denaro per sviluppare la&nbsp;propria soluzione di&nbsp;<nobr>e-commerce:<\/nobr> ti&nbsp;basta aderire al&nbsp;nostro programma white label e&nbsp;iniziare l'attivit\u00e0 di&nbsp;vendita subito dopo. Avrai diritto a&nbsp;notevoli sconti sui piani Ecwid e&nbsp;potrai rivenderli al&nbsp;prezzo da&nbsp;te&nbsp;scelto. L'80% dei nostri partner white label hanno realizzato la&nbsp;loro prima vendita entro un&nbsp;mese dal lancio della loro attivit\u00e0.<\/div><\/div><\/div>   <\/div>     <\/div> <\/section>  <section class=\"calypso-block \">  <div class=\"container\">   <div class=\"row row--large\">  <div class=\"col-12 col-md-10 offset-md-1 col-lg-10 offset-lg-1 col-xl-8 offset-xl-2 align-center text-center\"><h2>Chi pu\u00f2 diventare partner dell'iniziativa white label?<\/h2><\/div> <\/div>   <div class=\"row row--large\">  <div class=\"col-12 col-md-10 offset-md-1 col-lg-10 offset-lg-1 col-xl-8 offset-xl-2\"><div class=\"text-block\"><p>Praticamente tutti!<\/p> <p>Il&nbsp;nostro programma white label \u00e8&nbsp;facilmente adattabile alle esigenze della tua societ\u00e0, per cui collaboriamo con un'ampia gamma di&nbsp;partner, quali:<\/p> <p><b><a href=\"https:\/\/www.ecwid.com\/partners\/saas-platforms\">Piattaforme SaaS<\/a>:<\/b> Puoi facilmente integrare i&nbsp;sistemi <nobr>e-commerce<\/nobr> grazie all'API dei Partner Ecwid per creare soluzioni personalizzate in&nbsp;grado di&nbsp;fornire automaticamente account, accessi individuali, pagamenti personalizzati e&nbsp;molto altro<\/p> <p><b><a href=\"https:\/\/www.ecwid.com\/partners\/agencies\">Agenzie<\/a>:<\/b> Puoi facilmente includere sistemi <nobr>e-commerce<\/nobr> su&nbsp;cloud nell'ambito della tua soluzione web e&nbsp;molti altri progetti, senza alcun onere di&nbsp;manutenzione<\/p> <p><b><a href=\"https:\/\/www.ecwid.com\/partners\/website-builders\">Costruttori di&nbsp;siti<\/a>:<\/b> Puoi facilmente aggiungere funzionalit\u00e0 di&nbsp;<nobr>e-commerce<\/nobr> di&nbsp;elevata qualit\u00e0 al&nbsp;tuo sistema per la&nbsp;costruzione di&nbsp;siti, risparmiando migliaia di&nbsp;ore di&nbsp;lavoro grazie al&nbsp;fatto che non dovrai occuparti della costruzione <nobr>in-house<\/nobr><\/p> <p><b><a href=\"https:\/\/www.ecwid.com\/partners\/hosts\">Host<\/a>:<\/b> Potrai offrire una soluzione <nobr>e-commerce<\/nobr> perfettamente integrata senza doverti preoccupare di&nbsp;estensioni e&nbsp;aggiornamenti, evitando sovraccarichi dei server e&nbsp;oneri di&nbsp;manutenzione<\/p> <p><b><a href=\"https:\/\/www.ecwid.com\/partners\/payments\">Sistemi di&nbsp;pagamento e&nbsp;POS<\/a>:<\/b> Potrai agevolmente espandere il&nbsp;portafoglio di&nbsp;esercenti che gestisci, grazie a&nbsp;negozi <nobr>e-commerce<\/nobr> progettati per funzionare con processori e&nbsp;gateway di&nbsp;pagamento di&nbsp;ogni tipo, ma&nbsp;anche sistemi POS, senza tariffe aggiuntive<\/p> <a name=\"become-a-partner\" id=\"become-a-partner\"><\/a> <p>Se&nbsp;non sei ancora convinto che i&nbsp;sistemi withe label possano fare al&nbsp;caso tuo, non esitare a&nbsp;contattarci e&nbsp;saremo ben lieti di&nbsp;aiutarti a&nbsp;trovare la&nbsp;soluzione pi\u00f9 adatta alle tue esigenze.<\/p> <div class=\"text-center text-lg-left\"> <div class=\"hbspt-email-collecting-form\"> <script charset=utf-8 src=\/\/js.hsforms.net\/forms\/v2.js><\/script> <script>hbspt.forms.create({  portalId: \"4028639\",  formId: \"e1551a8e-e5a1-463d-9a2d-573e05faa6e8\", onFormSubmit: function($form) { if (typeof dataLayer !== 'undefined') {dataLayer.push({\"event\": \"hubspot form submitted\",\"eventCategory\": \"hubspot\",\"event-action\": \"form submitted\",\"event-label\": \"whitelabel page\"});}}});<\/script> <\/div> <p class=\"text-small text-gray\">Leggi la&nbsp;nostra Informativa <a href=\"\/privacy-policy\">sulla privacy<\/a><\/p> <\/div><\/div><\/div> <\/div>  <\/div> <\/section> ","protected":false},"excerpt":{"rendered":"","protected":false},"author":263589,"featured_media":0,"parent":0,"menu_order":0,"comment_status":"closed","ping_status":"closed","template":"template-calypso-blocks.php","meta":[],"categories":[],"tags":[],"aioseo_notices":[],"_links":{"self":[{"href":"https:\/\/www.ecwid.com\/partners\/wp-json\/wp\/v2\/pages\/278"}],"collection":[{"href":"https:\/\/www.ecwid.com\/partners\/wp-json\/wp\/v2\/pages"}],"about":[{"href":"https:\/\/www.ecwid.com\/partners\/wp-json\/wp\/v2\/types\/page"}],"author":[{"embeddable":true,"href":"https:\/\/www.ecwid.com\/partners\/wp-json\/wp\/v2\/users\/263589"}],"replies":[{"embeddable":true,"href":"https:\/\/www.ecwid.com\/partners\/wp-json\/wp\/v2\/comments?post=278"}],"version-history":[{"count":3,"href":"https:\/\/www.ecwid.com\/partners\/wp-json\/wp\/v2\/pages\/278\/revisions"}],"predecessor-version":[{"id":288,"href":"https:\/\/www.ecwid.com\/partners\/wp-json\/wp\/v2\/pages\/278\/revisions\/288"}],"wp:attachment":[{"href":"https:\/\/www.ecwid.com\/partners\/wp-json\/wp\/v2\/media?parent=278"}],"wp:term":[{"taxonomy":"category","embeddable":true,"href":"https:\/\/www.ecwid.com\/partners\/wp-json\/wp\/v2\/categories?post=278"},{"taxonomy":"post_tag","embeddable":true,"href":"https:\/\/www.ecwid.com\/partners\/wp-json\/wp\/v2\/tags?post=278"}],"curies":[{"name":"wp","href":"https:\/\/api.w.org\/{rel}","templated":true}]}}