{"id":275,"date":"2021-07-22T15:10:21","date_gmt":"2021-07-22T15:10:21","guid":{"rendered":"https:\/\/www.ecwid.com\/partners\/?page_id=275"},"modified":"2021-07-22T15:11:51","modified_gmt":"2021-07-22T15:11:51","slug":"fr-white-label","status":"publish","type":"page","link":"https:\/\/www.ecwid.com\/partners\/fr\/white-label","title":{"rendered":"White Label"},"content":{"rendered":" <section class=\"calypso-block  text-white calypso-background--dark-blue\">  <div class=\"container\">   <div class=\"row calypso-promo\">    <div class=\"col-12 col-md-10 offset-md-1 col-lg-10 offset-lg-1 offset-xl-0 col-xl-5 calypso-promo__first align-center text-left\">         <h1><nobr>E-commerce<\/nobr> en&nbsp;marque blanche<\/h1>        <div class=\"text-block\"><p>Tout ce&nbsp;que vous devez savoir au&nbsp;sujet des marques blanches et&nbsp;de&nbsp;leur avantages pour votre entreprise<\/p> <div class=\"btn-block\"><a href=\"#become-a-partner\" id=\"become-a-partner-button\" class=\"btn btn--black btn--square btn--large btn--no-animate\">Devenez partenaire<\/a><\/div> <\/div>            <\/div>    <div class=\"col-12 col-md-10 offset-md-1 col-xl-7 offset-xl-0 calypso-promo__second text-center\">          <img class=\"calypso-promo__image calypso-promo__image-mobile-w100\" src=\"https:\/\/don16obqbay2c.cloudfront.net\/wp-content\/uploads\/sites\/3\/2020\/12\/jumpstart-desktop-1574164156-1609055548.png\" alt=\"jumpstart-desktop-1574164156-1609055548\"\/>        <\/div>   <\/div>  <\/div> <\/section>  <section class=\"calypso-block \">  <div class=\"container\">   <div class=\"row row--large\">  <div class=\"col-12 col-md-10 offset-md-1 col-lg-10 offset-lg-1 col-xl-8 offset-xl-2 align-center text-center\"><h2><nobr>Qu'est-ce<\/nobr> qu'une solution de&nbsp;<nobr>e-commerce<\/nobr> en&nbsp;marque blanche, et&nbsp;pourquoi en&nbsp;<nobr>ai-je<\/nobr> besoin\u00a0?<\/h2><\/div> <\/div>   <div class=\"row row--large\">  <div class=\"col-12 col-md-10 offset-md-1 col-lg-10 offset-lg-1 col-xl-8 offset-xl-2\"><div class=\"text-block\"><p>De&nbsp;nos jours, la&nbsp;grande majorit\u00e9 des produits et&nbsp;services peuvent \u00eatre command\u00e9s sur Internet. La&nbsp;n\u00e9cessit\u00e9 pour les petites entreprises de&nbsp;disposer d'une boutique en&nbsp;ligne ne&nbsp;cesse de&nbsp;cro\u00eetre, et&nbsp;les entreprises sp\u00e9cialis\u00e9es dans les services en&nbsp;ligne doivent trouver des solutions.<\/p> <p>Vous pouvez proposer \u00e0&nbsp;vos clients divers choix de&nbsp;cr\u00e9ateurs de&nbsp;boutique en&nbsp;ligne. Mais pourquoi ne&nbsp;pas tout simplement proposer une solution qui soit enti\u00e8rement sous votre propre marque\u00a0?<\/p> <p>D\u00e9velopper et&nbsp;soutenir votre propre plateforme de&nbsp;<nobr>e-commerce<\/nobr> compl\u00e8te constituerait une t\u00e2che d\u00e9licate n\u00e9cessitant du&nbsp;temps, des ressources et&nbsp;un&nbsp;investissement important. Mais gr\u00e2ce au&nbsp;programme de&nbsp;partenariat en&nbsp;marque blanche d'Ecwid, vous pouvez proposer \u00e0&nbsp;vos clients tous les avantages, sans les inconv\u00e9nients.<\/p> <p>En&nbsp;tant que partenaire de&nbsp;marque blanche, vous pouvez acheter des plans Ecwid \u00e0&nbsp;un&nbsp;prix tr\u00e8s r\u00e9duit, les renommer sous votre propre nom de&nbsp;plateforme et&nbsp;les revendre \u00e0&nbsp;vos clients au&nbsp;prix souhait\u00e9.<\/p><\/div><\/div> <\/div>  <\/div> <\/section>  <section class=\"calypso-block  calypso-block--border-top\">  <div class=\"container\">   <div class=\"row\">  <div class=\"col-12 col-md-10 offset-md-1 col-lg-10 offset-lg-1 col-xl-8 offset-xl-2 align-center text-center\"><h2>Quels sont les avantages de&nbsp;la&nbsp;revente en&nbsp;marque blanche pour mon entreprise\u00a0?<\/h2><div class=\"text-block\">La revente en&nbsp;marque blanche sur un&nbsp;site de&nbsp;<nobr>e-commerce<\/nobr> pr\u00e9sente plusieurs avantages majeurs.<\/div><\/div> <\/div>   <div class=\"row\">    <div class=\"col-12 col-md-6\"><div class=\"calypso-feature \"><div class=\"calypso-feature__text\"><strong>C'est simple. <\/strong> Vous n'avez pas besoin de&nbsp;conna\u00eetre de&nbsp;d\u00e9tails techniques en&nbsp;mati\u00e8re de&nbsp;<nobr>e-commerce<\/nobr> pour r\u00e9ussir \u00e0&nbsp;vendre. Les boutiques en&nbsp;ligne sont maintenues, mises \u00e0&nbsp;jour et&nbsp;prises en&nbsp;charge par Ecwid, vous pouvez donc accorder toute votre attention aux ventes.<\/div><\/div><\/div><div class=\"col-12 col-md-6\"><div class=\"calypso-feature \"><div class=\"calypso-feature__text\"><strong>C'est bon march\u00e9. <\/strong> Pour moins de&nbsp;300&nbsp;dollars par an, vous disposez de&nbsp;votre propre marque de&nbsp;<nobr>e-commerce,<\/nobr> qui comprend un&nbsp;outil de&nbsp;gestion de&nbsp;boutique en&nbsp;marque blanche, les mises \u00e0&nbsp;jour et&nbsp;la&nbsp;maintenance de&nbsp;la&nbsp;plateforme, ainsi qu'une assistance technique prioritaire.<\/div><\/div><\/div><div class=\"col-12 col-md-6\"><div class=\"calypso-feature \"><div class=\"calypso-feature__text\"><strong>C'est rapide.<\/strong> La&nbsp;cr\u00e9ation de&nbsp;votre compte de&nbsp;partenariat ne&nbsp;prend qu'un jour ouvrable. Ainsi, apr\u00e8s votre inscription, vous pouvez techniquement commencer \u00e0&nbsp;vendre votre nouvelle solution de&nbsp;<nobr>e-commerce<\/nobr> en&nbsp;marque blanche d\u00e8s le&nbsp;lendemain. Pas moins de&nbsp;90\u00a0% de&nbsp;nos partenaires sont en&nbsp;mesure de&nbsp;lancer avec succ\u00e8s leur service dans le&nbsp;premier mois suivant leur inscription.<\/div><\/div><\/div><div class=\"col-12 col-md-6\"><div class=\"calypso-feature \"><div class=\"calypso-feature__text\"><strong>C'est rentable.<\/strong> Il&nbsp;n'y a&nbsp;pas besoin de&nbsp;d\u00e9penser du&nbsp;temps et&nbsp;de&nbsp;l'argent pour d\u00e9velopper votre propre solution de&nbsp;<nobr>e-commerce\u00a0:<\/nobr> il&nbsp;suffit de&nbsp;rejoindre notre programme de&nbsp;marque blanche et&nbsp;de&nbsp;commencer \u00e0&nbsp;vendre imm\u00e9diatement. Vous b\u00e9n\u00e9ficierez de&nbsp;remises importantes sur les plans Ecwid, que vous pourrez revendre aux prix souhait\u00e9. Pr\u00e8s de&nbsp;80\u00a0% de&nbsp;nos partenaires de&nbsp;marque blanche r\u00e9alisent leur premi\u00e8re vente au&nbsp;cours du&nbsp;premier mois suivant le&nbsp;lancement.<\/div><\/div><\/div>   <\/div>     <\/div> <\/section>  <section class=\"calypso-block \">  <div class=\"container\">   <div class=\"row row--large\">  <div class=\"col-12 col-md-10 offset-md-1 col-lg-10 offset-lg-1 col-xl-8 offset-xl-2 align-center text-center\"><h2>Qui peut devenir partenaire de&nbsp;marque blanche\u00a0?<\/h2><\/div> <\/div>   <div class=\"row row--large\">  <div class=\"col-12 col-md-10 offset-md-1 col-lg-10 offset-lg-1 col-xl-8 offset-xl-2\"><div class=\"text-block\"><p>Pour faire simple\u00a0: tout le&nbsp;monde\u00a0!<\/p> <p>Notre programme de&nbsp;marque blanche peut s'adapter aux besoins de&nbsp;votre entreprise. Nous collaborons ainsi avec une grande vari\u00e9t\u00e9 de&nbsp;partenaires, notamment :<\/p> <p><b><a href=\"https:\/\/www.ecwid.com\/partners\/saas-platforms\">Des plateformes SaaS<\/a> :<\/b> Int\u00e9grez le&nbsp;<nobr>e-commerce<\/nobr> \u00e0&nbsp;l'aide de&nbsp;l'API d\u00e9di\u00e9e aux partenaires d'Ecwid et&nbsp;cr\u00e9ez une solution personnalis\u00e9e avec approvisionnement automatique des comptes, authentification unique, paiements personnalis\u00e9s, etc.<\/p> <p><b><a href=\"https:\/\/www.ecwid.com\/partners\/agencies\">Des agences<\/a> :<\/b> Int\u00e9grez le&nbsp;<nobr>e-commerce<\/nobr> bas\u00e9 sur le&nbsp;cloud \u00e0&nbsp;vos solutions web ou&nbsp;\u00e0&nbsp;d'autres projets, sans vous soucier de&nbsp;la&nbsp;maintenance.<\/p> <p><b><a href=\"https:\/\/www.ecwid.com\/partners\/website-builders\">Des cr\u00e9ateurs de&nbsp;sites<\/a> :<\/b> Ajoutez facilement des fonctionnalit\u00e9s de&nbsp;<nobr>e-commerce<\/nobr> haut de&nbsp;gamme \u00e0&nbsp;votre cr\u00e9ateur et&nbsp;\u00e9conomisez des milliers d'heures en&nbsp;\u00e9vitant toute cr\u00e9ation en&nbsp;interne.<\/p> <p><b><a href=\"https:\/\/www.ecwid.com\/partners\/hosts\">Des h\u00e9bergeurs<\/a> :<\/b> Offrez une solution de&nbsp;<nobr>e-commerce<\/nobr> enti\u00e8rement int\u00e9gr\u00e9e, sans vous inqui\u00e9ter des extensions et&nbsp;des mises \u00e0&nbsp;niveau. Aucune charge de&nbsp;serveur ou&nbsp;maintenance n'est requise.<\/p> <p><b><a href=\"https:\/\/www.ecwid.com\/partners\/payments\">Des solutions de&nbsp;paiement et&nbsp;de&nbsp;point de&nbsp;vente<\/a> :<\/b> Faites \u00e9voluer votre portefeuille de&nbsp;commer\u00e7ants gr\u00e2ce \u00e0&nbsp;des boutiques de&nbsp;<nobr>e-commerce<\/nobr> compatibles avec n'importe quel op\u00e9rateur de&nbsp;paiement, passerelle ou&nbsp;syst\u00e8me de&nbsp;point de&nbsp;vente, sans frais suppl\u00e9mentaires.<\/p> <a name=\"become-a-partner\" id=\"become-a-partner\"><\/a> <p>Si&nbsp;vous n'\u00eates pas encore convaincu par les solutions en&nbsp;marque blanche, n'h\u00e9sitez pas \u00e0&nbsp;nous contacter et&nbsp;\u00e0&nbsp;nous exposer vos besoins pour que nous trouvions la&nbsp;solution qui vous correspondra le&nbsp;mieux.<\/p> <div class=\"text-center text-lg-left\"> <div class=\"hbspt-email-collecting-form\"> <script charset=utf-8 src=\/\/js.hsforms.net\/forms\/v2.js><\/script> <script>hbspt.forms.create({  portalId: \"4028639\",  formId: \"e1551a8e-e5a1-463d-9a2d-573e05faa6e8\", onFormSubmit: function($form) { if (typeof dataLayer !== 'undefined') {dataLayer.push({\"event\": \"hubspot form submitted\",\"eventCategory\": \"hubspot\",\"event-action\": \"form submitted\",\"event-label\": \"whitelabel page\"});}}});<\/script> <\/div> <p class=\"text-small text-gray\">Veuillez consulter notre <a href=\"\/privacy-policy\">Politique de&nbsp;confidentialit\u00e9<\/a><\/p> <\/div><\/div><\/div> <\/div>  <\/div> <\/section> ","protected":false},"excerpt":{"rendered":"","protected":false},"author":263589,"featured_media":0,"parent":0,"menu_order":0,"comment_status":"closed","ping_status":"closed","template":"template-calypso-blocks.php","meta":[],"categories":[],"tags":[],"aioseo_notices":[],"_links":{"self":[{"href":"https:\/\/www.ecwid.com\/partners\/wp-json\/wp\/v2\/pages\/275"}],"collection":[{"href":"https:\/\/www.ecwid.com\/partners\/wp-json\/wp\/v2\/pages"}],"about":[{"href":"https:\/\/www.ecwid.com\/partners\/wp-json\/wp\/v2\/types\/page"}],"author":[{"embeddable":true,"href":"https:\/\/www.ecwid.com\/partners\/wp-json\/wp\/v2\/users\/263589"}],"replies":[{"embeddable":true,"href":"https:\/\/www.ecwid.com\/partners\/wp-json\/wp\/v2\/comments?post=275"}],"version-history":[{"count":5,"href":"https:\/\/www.ecwid.com\/partners\/wp-json\/wp\/v2\/pages\/275\/revisions"}],"predecessor-version":[{"id":347,"href":"https:\/\/www.ecwid.com\/partners\/wp-json\/wp\/v2\/pages\/275\/revisions\/347"}],"wp:attachment":[{"href":"https:\/\/www.ecwid.com\/partners\/wp-json\/wp\/v2\/media?parent=275"}],"wp:term":[{"taxonomy":"category","embeddable":true,"href":"https:\/\/www.ecwid.com\/partners\/wp-json\/wp\/v2\/categories?post=275"},{"taxonomy":"post_tag","embeddable":true,"href":"https:\/\/www.ecwid.com\/partners\/wp-json\/wp\/v2\/tags?post=275"}],"curies":[{"name":"wp","href":"https:\/\/api.w.org\/{rel}","templated":true}]}}